{"id":838,"date":"2022-01-12T16:02:01","date_gmt":"2022-01-12T16:02:01","guid":{"rendered":"https:\/\/360dbp.com\/?page_id=838"},"modified":"2022-01-31T08:17:43","modified_gmt":"2022-01-31T08:17:43","slug":"csatlakozz-kiallitokent","status":"publish","type":"page","link":"https:\/\/360dbp.com\/en\/csatlakozz-kiallitokent\/","title":{"rendered":"Csatlakozz ki\u00e1ll\u00edt\u00f3k\u00e9nt"},"content":{"rendered":"<h3><strong>Jelentkezz te is ki\u00e1ll\u00edt\u00f3nak a 2022-es 360 Design Budapest ki\u00e1ll\u00edt\u00e1sra!<\/strong><\/h3>\n<p style=\"text-align: justify;\">A 360 Design Budapest formabont\u00f3 <strong>\u201efigit\u00e1lis\u201d<\/strong> jelleg\u00e9nek k\u00f6sz\u00f6nhet\u0151en a ki\u00e1ll\u00edt\u00f3k fizikai \u00e9s online form\u00e1ban is bemutathatj\u00e1k alkot\u00e1saikat a ki\u00e1ll\u00edt\u00e1s keretein bel\u00fcl.<\/p>\n<p style=\"text-align: justify;\">Az esem\u00e9ny c\u00e9lja, hogy a design mindennapi szerep\u00e9t bemutassa, k\u00f6zelebb hozza a hazai tervez\u0151ket az \u00e9rdekl\u0151d\u0151k sz\u00e1m\u00e1ra \u00e9s szakmai p\u00e1rbesz\u00e9deket nyisson.<\/p>\n<p><a href=\"https:\/\/360dbp.com\/jelentkezes-2022\/\"><img loading=\"lazy\" decoding=\"async\" class=\"wp-image-850 aligncenter\" src=\"https:\/\/360dbp.com\/wp-content\/uploads\/2022\/01\/MicrosoftTeams-image-2-300x81.png\" alt=\"\" width=\"129\" height=\"35\" srcset=\"https:\/\/360dbp.com\/wp-content\/uploads\/2022\/01\/MicrosoftTeams-image-2-300x81.png 300w, https:\/\/360dbp.com\/wp-content\/uploads\/2022\/01\/MicrosoftTeams-image-2-768x207.png 768w, https:\/\/360dbp.com\/wp-content\/uploads\/2022\/01\/MicrosoftTeams-image-2.png 917w\" sizes=\"auto, (max-width: 129px) 100vw, 129px\" \/><\/a><\/p>\n<p>&nbsp;<\/p>\n<div style=\"width: 640px;\" class=\"wp-video\"><video class=\"wp-video-shortcode\" id=\"video-838-1\" width=\"640\" height=\"360\" preload=\"metadata\" controls=\"controls\"><source type=\"video\/mp4\" src=\"https:\/\/360dbp.com\/wp-content\/uploads\/2021\/11\/HFDA_60sec_v6-1.mp4?_=1\" \/><a href=\"https:\/\/360dbp.com\/wp-content\/uploads\/2021\/11\/HFDA_60sec_v6-1.mp4\">https:\/\/360dbp.com\/wp-content\/uploads\/2021\/11\/HFDA_60sec_v6-1.mp4<\/a><\/video><\/div>\n<h4 style=\"text-align: justify;\"><strong>Mi\u00e9rt csatlakozz?\u00a0<\/strong><\/h4>\n<p style=\"text-align: justify;\">2021-ben <strong>3200<\/strong> l\u00e1togat\u00f3 tekintett meg k\u00f6zel <strong>180<\/strong> formatervez\u00e9si alkot\u00e1st, melyek k\u00f6z\u00f6tt sz\u00e1mos felt\u00f6rekv\u0151 p\u00e1lyakezd\u0151 tehets\u00e9g, k\u00f6rnyezettudatos m\u00e1rka \u00e9s nemzetk\u00f6zi piacra \u00e9rett v\u00e1llalkoz\u00e1s is jelen volt.<\/p>\n<p style=\"text-align: justify;\">A 360 Design Budapest a fizikai ki\u00e1ll\u00edt\u00e1son napi t\u00e1rlatvezet\u00e9sekkel, egy kiemelt szem\u00e9lyes tal\u00e1lkoz\u00f3val a designerekkel, QR-k\u00f3dos forgalomterel\u00e9ssel, \u00e9s az online t\u00e9rben kattinthat\u00f3 linkkel seg\u00edti a tervez\u0151k ismerts\u00e9g\u00e9nek n\u00f6vel\u00e9s\u00e9t.\u00a0 A ki\u00e1ll\u00edt\u00e1s \u00e9rt\u00e9kes\u00edt\u00e9s \u00f6szt\u00f6nz\u0151 szereppel b\u00edr, a design-kedvel\u0151k mellett gy\u00e1rt\u00f3k, forgalmaz\u00f3k, Michelin-csillagos \u00e9ttermek \u00e9s egy\u00e9b \u00fczleth\u00e1l\u00f3zatok k\u00e9pvisel\u0151i is el szoktak l\u00e1togatni.<\/p>\n<p><a href=\"https:\/\/360dbp.com\/jelentkezes-2022\/\"><img loading=\"lazy\" decoding=\"async\" class=\"wp-image-850 aligncenter\" src=\"https:\/\/360dbp.com\/wp-content\/uploads\/2022\/01\/MicrosoftTeams-image-2-300x81.png\" alt=\"\" width=\"129\" height=\"35\" srcset=\"https:\/\/360dbp.com\/wp-content\/uploads\/2022\/01\/MicrosoftTeams-image-2-300x81.png 300w, https:\/\/360dbp.com\/wp-content\/uploads\/2022\/01\/MicrosoftTeams-image-2-768x207.png 768w, https:\/\/360dbp.com\/wp-content\/uploads\/2022\/01\/MicrosoftTeams-image-2.png 917w\" sizes=\"auto, (max-width: 129px) 100vw, 129px\" \/><\/a><\/p>\n","protected":false},"excerpt":{"rendered":"<p>Jelentkezz te is ki\u00e1ll\u00edt\u00f3nak a 2022-es 360 Design Budapest ki\u00e1ll\u00edt\u00e1sra! A 360 Design Budapest formabont\u00f3 \u201efigit\u00e1lis\u201d jelleg\u00e9nek k\u00f6sz\u00f6nhet\u0151en a ki\u00e1ll\u00edt\u00f3k fizikai \u00e9s online form\u00e1ban is bemutathatj\u00e1k alkot\u00e1saikat a ki\u00e1ll\u00edt\u00e1s keretein bel\u00fcl. Az esem\u00e9ny c\u00e9lja, hogy a design mindennapi szerep\u00e9t bemutassa, k\u00f6zelebb hozza a hazai tervez\u0151ket az \u00e9rdekl\u0151d\u0151k sz\u00e1m\u00e1ra \u00e9s szakmai p\u00e1rbesz\u00e9deket nyisson. &nbsp; Mi\u00e9rt csatlakozz?\u00a0 [&hellip;]<\/p>\n","protected":false},"author":2,"featured_media":0,"parent":0,"menu_order":0,"comment_status":"closed","ping_status":"closed","template":"template-about.php","meta":{"_acf_changed":false,"footnotes":""},"class_list":["post-838","page","type-page","status-publish","hentry"],"acf":[],"_links":{"self":[{"href":"https:\/\/360dbp.com\/en\/wp-json\/wp\/v2\/pages\/838","targetHints":{"allow":["GET"]}}],"collection":[{"href":"https:\/\/360dbp.com\/en\/wp-json\/wp\/v2\/pages"}],"about":[{"href":"https:\/\/360dbp.com\/en\/wp-json\/wp\/v2\/types\/page"}],"author":[{"embeddable":true,"href":"https:\/\/360dbp.com\/en\/wp-json\/wp\/v2\/users\/2"}],"replies":[{"embeddable":true,"href":"https:\/\/360dbp.com\/en\/wp-json\/wp\/v2\/comments?post=838"}],"version-history":[{"count":24,"href":"https:\/\/360dbp.com\/en\/wp-json\/wp\/v2\/pages\/838\/revisions"}],"predecessor-version":[{"id":871,"href":"https:\/\/360dbp.com\/en\/wp-json\/wp\/v2\/pages\/838\/revisions\/871"}],"wp:attachment":[{"href":"https:\/\/360dbp.com\/en\/wp-json\/wp\/v2\/media?parent=838"}],"curies":[{"name":"wp","href":"https:\/\/api.w.org\/{rel}","templated":true}]}}