{"id":6,"date":"2021-05-26T12:09:17","date_gmt":"2021-05-26T12:09:17","guid":{"rendered":"http:\/\/360dbp.com\/?page_id=6"},"modified":"2025-10-09T06:33:53","modified_gmt":"2025-10-09T06:33:53","slug":"kezdolap","status":"publish","type":"page","link":"https:\/\/360dbp.com\/en\/","title":{"rendered":"Kezd\u0151lap"},"content":{"rendered":"<p>[vc_row][vc_column][vc_column_text][ts_home_hero title=&#8221;360 Design Budapest&#8221; video_src_mp4=&#8221;733&#8243; video_src_webm=&#8221;368&#8243;]4\u201310 October 2021<br \/>\nB\u00e1lna Budapest[\/ts_home_hero][\/vc_column_text][\/vc_column][\/vc_row][vc_row disable_element=&#8221;yes&#8221;][vc_column][vc_column_text][ts_home_banner cta_label=&#8221;Regisztr\u00e1ci\u00f3&#8221; cta_link=&#8221;\/regisztracio&#8221;]<\/p>\n<h3>VR waiting for you!<\/h3>\n<p>Anyagtudatos design, magyar tehets\u00e9gek, els\u0151 term\u00e9kes tervez\u0151k, k\u00fcl\u00f6nleges design t\u00e1rgyak&#8230; \u00c9rdekel? N\u00e9zd meg! Itt a helyed! Regisztr\u00e1lj![\/ts_home_banner][\/vc_column_text][\/vc_column][\/vc_row][vc_row][vc_column][vc_column_text][ts_home_grid title=&#8221;A ki\u00e1ll\u00edt\u00e1sr\u00f3l&#8221; body=&#8221;2025. okt\u00f3ber 9-19. k\u00f6z\u00f6tt hatodik alkalommal ker\u00fcl megrendez\u00e9sre a 360 Design Budapest, hogy bemutassa a hazai \u00e9s region\u00e1lis design legjav\u00e1t. A ki\u00e1ll\u00edt\u00e1s \u00e9s exkluz\u00edv programjainak l\u00e1togat\u00e1sa ingyenes, de regisztr\u00e1ci\u00f3hoz k\u00f6t\u00f6tt. category_content_about=&#8221;%5B%7B%22label%22%3A%22Nemzetk%C3%B6zi%20design%20d%C3%ADjak%22%2C%22link%22%3A%22http%3A%2F%2F360dbp.com%2Fabout%2Finternational-awards%2F%22%2C%22background%22%3A%22817%22%7D%2C%7B%22label%22%3A%22Ki%C3%A1ll%C3%ADt%C3%B3ink%20%22%2C%22link%22%3A%22https%3A%2F%2F360dbp.com%2Fcategory%2Fhungarian-designers%2F%22%2C%22background%22%3A%22795%22%7D%2C%7B%22label%22%3A%22VR%20s%C3%A9ta%22%2C%22link%22%3A%22http%3A%2F%2F360dbp.com%2Fvr-walkthrough%2F%22%2C%22background%22%3A%22836%22%7D%2C%7B%22label%22%3A%22Region%C3%A1lis%20ki%C3%A1ll%C3%ADt%C3%B3k%22%2C%22link%22%3A%22https%3A%2F%2F360dbp.com%2Fcategory%2Fregional-designers%2F%22%2C%22background%22%3A%22758%22%7D%5D&#8221;][\/vc_column_text][\/vc_column][\/vc_row][vc_row][vc_column][vc_column_text][ts_home_grid title=&#8221;Ki\u00e1ll\u00edt\u00f3k&#8221; body=\u00a0 category=&#8221;exhibitors&#8221; category_content=&#8221;%5B%7B%7D%5D&#8221; category_content_images=&#8221;%5B%7B%7D%5D&#8221; category_content_exhibitor=&#8221;%5B%5D&#8221;][\/vc_column_text][\/vc_column][\/vc_row][vc_row][vc_column][vc_column_text][ts_home_grid title=&#8221;H\u00edrek&#8221; body=&#8221;Tudj meg t\u00f6bbet az ingyenesen l\u00e1togathat\u00f3 360 Design Budapest region\u00e1lis design ki\u00e1ll\u00edt\u00e1sr\u00f3l. Programok, el\u0151ad\u00f3k, alkot\u00f3k, \u00fajdons\u00e1gok \u00e9s sz\u00e1mos story a kulissz\u00e1k m\u00f6g\u00fcl.&#8221; category=&#8221;news&#8221; category_content=&#8221;%5B%7B%7D%5D&#8221; category_content_images=&#8221;%5B%7B%7D%5D&#8221; category_content_post=&#8221;%5B%7B%7D%5D&#8221;][\/vc_column_text][\/vc_column][\/vc_row][vc_row][vc_column][vc_column_text][ts_home_newsletter]<\/p>\n<h3>Iratkozz fel h\u00edrlevel\u00fcnkre!<\/h3>\n<p>Iratkozz fel h\u00edrlevel\u00fcnkre, \u00e9s \u00e9rtes\u00fclj els\u0151k\u00e9nt divat- \u00e9s designipari h\u00edreinkr\u0151l, kamp\u00e1nyainkr\u00f3l \u00e9s p\u00e1ly\u00e1zati lehet\u0151s\u00e9geinkr\u0151l![\/ts_home_newsletter][\/vc_column_text][\/vc_column][\/vc_row]<\/p>\n","protected":false},"excerpt":{"rendered":"<p>[vc_row][vc_column][vc_column_text][ts_home_hero title=&#8221;360 Design Budapest&#8221; video_src_mp4=&#8221;733&#8243; video_src_webm=&#8221;368&#8243;]4\u201310 October 2021 B\u00e1lna Budapest[\/ts_home_hero][\/vc_column_text][\/vc_column][\/vc_row][vc_row disable_element=&#8221;yes&#8221;][vc_column][vc_column_text][ts_home_banner cta_label=&#8221;Regisztr\u00e1ci\u00f3&#8221; cta_link=&#8221;\/regisztracio&#8221;] VR waiting for you! Anyagtudatos design, magyar tehets\u00e9gek, els\u0151 term\u00e9kes tervez\u0151k, k\u00fcl\u00f6nleges design t\u00e1rgyak&#8230; \u00c9rdekel? N\u00e9zd meg! Itt a helyed! Regisztr\u00e1lj![\/ts_home_banner][\/vc_column_text][\/vc_column][\/vc_row][vc_row][vc_column][vc_column_text][ts_home_grid title=&#8221;A ki\u00e1ll\u00edt\u00e1sr\u00f3l&#8221; body=&#8221;2025. okt\u00f3ber 9-19. k\u00f6z\u00f6tt hatodik alkalommal ker\u00fcl megrendez\u00e9sre a 360 Design Budapest, hogy bemutassa a hazai \u00e9s region\u00e1lis design [&hellip;]<\/p>\n","protected":false},"author":1,"featured_media":0,"parent":0,"menu_order":0,"comment_status":"closed","ping_status":"closed","template":"","meta":{"_acf_changed":false,"footnotes":""},"class_list":["post-6","page","type-page","status-publish","hentry"],"acf":[],"_links":{"self":[{"href":"https:\/\/360dbp.com\/en\/wp-json\/wp\/v2\/pages\/6","targetHints":{"allow":["GET"]}}],"collection":[{"href":"https:\/\/360dbp.com\/en\/wp-json\/wp\/v2\/pages"}],"about":[{"href":"https:\/\/360dbp.com\/en\/wp-json\/wp\/v2\/types\/page"}],"author":[{"embeddable":true,"href":"https:\/\/360dbp.com\/en\/wp-json\/wp\/v2\/users\/1"}],"replies":[{"embeddable":true,"href":"https:\/\/360dbp.com\/en\/wp-json\/wp\/v2\/comments?post=6"}],"version-history":[{"count":170,"href":"https:\/\/360dbp.com\/en\/wp-json\/wp\/v2\/pages\/6\/revisions"}],"predecessor-version":[{"id":4598,"href":"https:\/\/360dbp.com\/en\/wp-json\/wp\/v2\/pages\/6\/revisions\/4598"}],"wp:attachment":[{"href":"https:\/\/360dbp.com\/en\/wp-json\/wp\/v2\/media?parent=6"}],"curies":[{"name":"wp","href":"https:\/\/api.w.org\/{rel}","templated":true}]}}